{"id":17348,"date":"2017-01-05T12:13:41","date_gmt":"2017-01-05T11:13:41","guid":{"rendered":"https:\/\/spa-blumoret.it\/?post_type=product&#038;p=17348"},"modified":"2026-04-22T13:54:21","modified_gmt":"2026-04-22T11:54:21","slug":"hydraclean-pulizia-viso","status":"publish","type":"product","link":"https:\/\/spa-blumoret.it\/en\/product\/hydraclean-pulizia-viso\/","title":{"rendered":"Hydraclean facial cleansing"},"content":{"rendered":"<div class=\"vgblk-rw-wrapper limit-wrapper\">Trattamento Hydraclean pulizia viso 30\/40 minuti<br \/>\nNon \u00e8 solo un trattamento di pulizia del viso; \u00e8 l&#8217;alleato perfetto per detossinare la pelle, permettendole di respirare e ritrovare la sua luminosit\u00e0.<\/p>\n<p>Your skin will be transformed, and it can be integrated as the first step in a treatment plan that includes other more specific and personalized Guinot treatments.<\/p><\/div>\n<p><!-- .vgblk-rw-wrapper --><\/p>","protected":false},"excerpt":{"rendered":"<p>A deep cleansing treatment that helps you achieve your most beautiful skin ever, even after just one session.<\/p>","protected":false},"featured_media":998858,"comment_status":"closed","ping_status":"closed","template":"","meta":[],"product_cat":[132],"product_tag":[],"class_list":{"0":"post-17348","1":"product","2":"type-product","3":"status-publish","4":"has-post-thumbnail","6":"product_cat-trattamenti-viso","8":"first","9":"instock","10":"virtual","11":"purchasable","12":"product-type-simple"},"_links":{"self":[{"href":"https:\/\/spa-blumoret.it\/en\/wp-json\/wp\/v2\/product\/17348","targetHints":{"allow":["GET"]}}],"collection":[{"href":"https:\/\/spa-blumoret.it\/en\/wp-json\/wp\/v2\/product"}],"about":[{"href":"https:\/\/spa-blumoret.it\/en\/wp-json\/wp\/v2\/types\/product"}],"replies":[{"embeddable":true,"href":"https:\/\/spa-blumoret.it\/en\/wp-json\/wp\/v2\/comments?post=17348"}],"version-history":[{"count":4,"href":"https:\/\/spa-blumoret.it\/en\/wp-json\/wp\/v2\/product\/17348\/revisions"}],"predecessor-version":[{"id":998859,"href":"https:\/\/spa-blumoret.it\/en\/wp-json\/wp\/v2\/product\/17348\/revisions\/998859"}],"wp:featuredmedia":[{"embeddable":true,"href":"https:\/\/spa-blumoret.it\/en\/wp-json\/wp\/v2\/media\/998858"}],"wp:attachment":[{"href":"https:\/\/spa-blumoret.it\/en\/wp-json\/wp\/v2\/media?parent=17348"}],"wp:term":[{"taxonomy":"product_cat","embeddable":true,"href":"https:\/\/spa-blumoret.it\/en\/wp-json\/wp\/v2\/product_cat?post=17348"},{"taxonomy":"product_tag","embeddable":true,"href":"https:\/\/spa-blumoret.it\/en\/wp-json\/wp\/v2\/product_tag?post=17348"}],"curies":[{"name":"wp","href":"https:\/\/api.w.org\/{rel}","templated":true}]}}