{"id":3086,"date":"2021-09-08T20:18:53","date_gmt":"2021-09-08T20:18:53","guid":{"rendered":"https:\/\/jolie.vamtam.com\/?page_id=3086"},"modified":"2024-05-23T23:05:26","modified_gmt":"2024-05-23T21:05:26","slug":"termini-condizioni","status":"publish","type":"page","link":"https:\/\/spa-blumoret.it\/en\/termini-condizioni\/","title":{"rendered":"Termini e condizioni"},"content":{"rendered":"<div data-elementor-type=\"wp-page\" data-elementor-id=\"3086\" class=\"elementor elementor-3086\" data-elementor-post-type=\"page\">\n\t\t\t\t\t\t<section class=\"elementor-section elementor-top-section elementor-element elementor-element-8c6d3f9 elementor-section-boxed elementor-section-height-default elementor-section-height-default\" data-id=\"8c6d3f9\" data-element_type=\"section\">\n\t\t\t\t\t\t<div class=\"elementor-container elementor-column-gap-no\">\n\t\t\t\t\t<div class=\"elementor-column elementor-col-100 elementor-top-column elementor-element elementor-element-0cbe596\" data-id=\"0cbe596\" data-element_type=\"column\" data-settings=\"{&quot;motion_fx_motion_fx_scrolling&quot;:&quot;yes&quot;,&quot;motion_fx_translateY_effect&quot;:&quot;yes&quot;,&quot;motion_fx_translateY_speed&quot;:{&quot;unit&quot;:&quot;px&quot;,&quot;size&quot;:2,&quot;sizes&quot;:[]},&quot;motion_fx_devices&quot;:[&quot;desktop&quot;],&quot;motion_fx_translateY_affectedRange&quot;:{&quot;unit&quot;:&quot;%&quot;,&quot;size&quot;:&quot;&quot;,&quot;sizes&quot;:{&quot;start&quot;:0,&quot;end&quot;:100}}}\">\n\t\t\t<div class=\"elementor-widget-wrap elementor-element-populated\">\n\t\t\t\t\t\t<div class=\"elementor-element elementor-element-0db1f51 elementor-invisible elementor-widget elementor-widget-text-editor\" data-id=\"0db1f51\" data-element_type=\"widget\" data-settings=\"{&quot;_animation&quot;:&quot;fadeInDown&quot;,&quot;_animation_tablet&quot;:&quot;none&quot;,&quot;_animation_delay&quot;:300}\" data-widget_type=\"text-editor.default\">\n\t\t\t\t<div class=\"elementor-widget-container\">\n\t\t\t<style>\/*! elementor - v3.21.0 - 22-05-2024 *\/\n.elementor-widget-text-editor.elementor-drop-cap-view-stacked .elementor-drop-cap{background-color:#69727d;color:#fff}.elementor-widget-text-editor.elementor-drop-cap-view-framed .elementor-drop-cap{color:#69727d;border:3px solid;background-color:transparent}.elementor-widget-text-editor:not(.elementor-drop-cap-view-default) .elementor-drop-cap{margin-top:8px}.elementor-widget-text-editor:not(.elementor-drop-cap-view-default) .elementor-drop-cap-letter{width:1em;height:1em}.elementor-widget-text-editor .elementor-drop-cap{float:left;text-align:center;line-height:1;font-size:50px}.elementor-widget-text-editor .elementor-drop-cap-letter{display:inline-block}<\/style>\t\t\t\t<h1>Termini e <\/h1>\t\t\t\t\t\t<\/div>\n\t\t\t\t<\/div>\n\t\t\t\t<div class=\"vamtam-has-theme-widget-styles elementor-element elementor-element-52bd12a elementor-invisible elementor-widget elementor-widget-heading\" data-id=\"52bd12a\" data-element_type=\"widget\" data-settings=\"{&quot;_animation&quot;:&quot;fadeInUp&quot;,&quot;_animation_tablet&quot;:&quot;none&quot;,&quot;_animation_delay&quot;:400}\" data-widget_type=\"heading.default\">\n\t\t\t\t<div class=\"elementor-widget-container\">\n\t\t\t<style>\/*! elementor - v3.21.0 - 22-05-2024 *\/\n.elementor-heading-title{padding:0;margin:0;line-height:1}.elementor-widget-heading .elementor-heading-title[class*=elementor-size-]>a{color:inherit;font-size:inherit;line-height:inherit}.elementor-widget-heading .elementor-heading-title.elementor-size-small{font-size:15px}.elementor-widget-heading .elementor-heading-title.elementor-size-medium{font-size:19px}.elementor-widget-heading .elementor-heading-title.elementor-size-large{font-size:29px}.elementor-widget-heading .elementor-heading-title.elementor-size-xl{font-size:39px}.elementor-widget-heading .elementor-heading-title.elementor-size-xxl{font-size:59px}<\/style><h1 class=\"elementor-heading-title elementor-size-default\">Condizioni<\/h1>\t\t<\/div>\n\t\t\t\t<\/div>\n\t\t\t\t\t<\/div>\n\t\t<\/div>\n\t\t\t\t\t<\/div>\n\t\t<\/section>\n\t\t\t\t<section class=\"elementor-section elementor-top-section elementor-element elementor-element-19d4234d elementor-section-boxed elementor-section-height-default elementor-section-height-default\" data-id=\"19d4234d\" data-element_type=\"section\">\n\t\t\t\t\t\t<div class=\"elementor-container elementor-column-gap-no\">\n\t\t\t\t\t<div class=\"elementor-column elementor-col-100 elementor-top-column elementor-element elementor-element-61be5499\" data-id=\"61be5499\" data-element_type=\"column\">\n\t\t\t<div class=\"elementor-widget-wrap elementor-element-populated\">\n\t\t\t\t\t\t<div class=\"elementor-element elementor-element-2f1aaee5 elementor-widget elementor-widget-text-editor\" data-id=\"2f1aaee5\" data-element_type=\"widget\" data-widget_type=\"text-editor.default\">\n\t\t\t\t<div class=\"elementor-widget-container\">\n\t\t\t\t\t\t\t<!-- wp:paragraph -->\n<h3><strong>1. Informazioni Contrattuali<\/strong><\/h3>\n<p>1.1 Informazioni Relative al Professionista: Le presenti Condizioni Generali disciplinano l&#8217;acquisto di beni e\/o servizi da parte di consumatori effettuato a distanza, tramite rete telematica, sul sito http:\/\/spa-blumoret.it, di Hotel La di Moret Srl \u2013 Via Tricesimo, 276 \u2013 33100 Udine (UD), \u00a0P.I. 01199460302 (di seguito \u201cBlu Moret Wellness SPA\u201d).<br \/>Per entrare in contatto con Blu Moret Wellness SPA, come pure per presentare eventuali reclami e richiedere informazioni, i consumatori, oltre al sopra menzionato indirizzo, potranno utilizzare il seguente indirizzo di posta elettronica: blumoret@ladimoret.it<\/p>\n<p>1.2 Informazioni relative ai contratti conclusi dal consumatore: Tutte le informazioni prescritte dalla normativa applicabile, o dalla natura del contratto, relative a ciascun singolo contratto concluso tramite il sito internet di Blu Moret Wellness SPA, incluse al solo scopo esemplificativo e non esaustivo, alle caratteristiche principali dei beni o servizi, al loro prezzo (comprensivo delle imposte), alle spese aggiuntive di spedizione, consegna o postali e ad ogni altro costo, alle modalit\u00e0 di pagamento, ai tempi di consegna dei beni o di esecuzione dell\u2019ordine, all\u2019eventuale durata del contratto, all\u2019eventuale durata minima degli obblighi dei consumatori, saranno specificate nel modulo d\u2019ordine che dovr\u00e0 essere accettato ed inviato elettronicamente dal consumatore, con espresso riconoscimento da parte del consumatore stesso che l\u2019invio dell\u2019ordine comporta a suo carico un obbligo di pagamento. Se, a causa della natura del contratto o del bene o servizio ordinato, una o pi\u00f9 delle suddette informazioni non dovessero essere disponibili al momento della presentazione dell\u2019ordine, il consumatore ne verr\u00e0 puntualmente informato, se il prezzo non potesse essere determinato al momento dell\u2019ordine, al consumatore sar\u00e0 comunque comunicata la modalit\u00e0 di calcolo dello stesso; se altre spese o costi afferenti al contratto o alla sua esecuzione non potessero essere determinati al momento dell\u2019ordine il consumatore sar\u00e0 informato di tale circostanza e della possibilit\u00e0 che tali spese e costi gli siano successivamente addebitati.<\/p>\n<p>1.3 Informazioni relative ai diritti dei consumatori: Tutte le informazioni relative ai diritti riconosciuti al consumatore dalla normativa applicabile, come ad esempio a solo scopo esemplificativo e non esaustivo, le informazioni relative al diritto di recesso (quando applicabile), alla garanzia di conformit\u00e0 dei beni, all\u2019eventuale assistenza post vendita, al trattamento dei dati personali, alle modalit\u00e0 mediante le quali procedere agli acquisti sul sito internet del professionista, saranno specificate nei presenti Termini e Condizioni, ovvero nei documenti a cui \u00e8 in esse fatto riferimento e che sono accessibili dai presenti Termini e Condizioni\u00a0tramite link ipertestuali.<\/p>\n<p>1.4 Informazioni relative alla normativa applicabile: Tutti i contratti conclusi dai consumatori tramite il sito internet di Blu Moret Wellness SPA\u00a0saranno integralmente regolate dalle disposizioni che seguono e dai documenti, istruzioni e informative cui \u00e8 in esse fatto riferimento, in conformit\u00e0 alle previsioni di cui al D.Lgs. n. 206\/2005 (recante il Codice del Consumo), al D.Lgs. 70\/2003 (recante norme in materia di commercio elettronico), al D.Lgs. 29\/2010 (recante norme in materia di servizi nel mercato interno), e al D.Lgs. 196\/2003 (recante Codice della Privacy). Tutto quanto non espressamente disciplinato dai presenti Termini e Condizioni\u00a0e dalla legislazione sopra indicata sar\u00e0 disciplinato dal Codice Civile.<\/p>\n<h3><strong>2. Impegni dell\u2019Acquirente<\/strong><\/h3>\n<p>I presenti Termini e Condizioni\u00a0di Vendita, disponibili on line, sono poste a disposizione dei consumatori i quali possono stamparle ovvero salvarle in formato digitale sulla memoria del loro computer. I consumatori dovrebbero esaminare i presenti Termini e Condizioni con attenzione prima di procedere all\u2019acquisto di prodotti e\/o servizi sul sito di Blu Moret Wellness SPA. In ogni caso, prima di completare la procedura telematica di inoltro dell\u2019ordine di acquisto,\u00a0i presenti Termini e Condizioni \u00a0devono essere\u00a0integralmente e incondizionatamente accettati tramite apposizione di un flag nella casella dedicata per poter procedere all\u2019acquisto.<\/p>\n<h3><strong>3. Stipula del contratto<\/strong><\/h3>\n<p>L&#8217;ordine inviato tramite il sito internet di Blu Moret Wellness SPA dal consumatore \u00e8 un&#8217;offerta contrattuale che Blu Moret Wellness SPA si riserva di accettare.<br \/>\u00c8 necessario verificare se l&#8217;importo indicato per i servizi e\/o beni prescelti sia corretto prima di procedere all\u2019invio dell\u2019ordine. Al momento dell\u2019invio dell\u2019ordine attraverso l\u2019interfaccia informatica del sito, il consumatore sar\u00e0 tenuto a premere un tasto virtuale che attester\u00e0 che il consumatore ha preso atto che l\u2019invio dell\u2019ordine e la sua successiva accettazione da parte di Blu Moret Wellness SPA comporter\u00e0 il pagamento di un prezzo.<br \/>Il contratto si perfeziona con l\u2019inoltro, tramite il sito, di una e-mail riepilogativa dei servizi e\/o prodotti ordinati e degli altri elementi essenziali del contratto all\u2019indirizzo di posta elettronica indicato dal consumatore al momento dell\u2019invio dell\u2019ordine, tale comunicazione e-mail svolger\u00e0 la funzione di accettazione dell\u2019ordine inviato dal consumatore.<\/p>\n<h3><strong>4. Condizioni e modalit\u00e0 di pagamento del Prezzo<\/strong><\/h3>\n<p>Il pagamento \u00e8 effettuato subito dopo l&#8217;ordine del bene e\/o servizio e prima della sua fornitura, secondo le modalit\u00e0 prescelte dall\u2019Acquirente nel corso della procedura telematica di acquisto, modalit\u00e0 che sono specificate in modo prominente nel sito internet di Blu Moret Wellness SPA nella schermata iniziale della procedura d\u2019ordine.<br \/>I prezzi indicati comprendono l&#8217;IVA quando dovuta.<\/p>\n<div class=\"static-row\">\u00a0<\/div>\n<h3><strong>5. Fornitura \u2013 Utilizzo \u2013 Validit\u00e0 dei servizi<\/strong><\/h3>\n<p>Spedizione virtuale &#8211; Per i servizi per i quali \u00a0la spedizione \u00e8 virtuale verr\u00e0 inviato un voucher all\u2019indirizzo o agli indirizzi di posta elettronica indicati dal consumatore.<\/p>\n<p>Consegna fisica &#8211; Per i prodotti\u00a0per i quali il la consegna \u00e8 fisica, essi verranno inviati tramite posta o corriere all\u2019indirizzo o agli indirizzi indicati dal consumatore stesso. In questo caso potranno essere applicate spese di spedizione comunque indicate all\u2019atto dell\u2019acquisto o della scelta del metodo di spedizione o consegna.<\/p>\n<p>Utilizzo e validit\u00e0 dei voucher \u2013 Per usufruire dei servizi di un voucher il Consumatore deve prenotare anticipatamente il servizio scelto presso la struttura e deve consegnare il voucher alla reception della struttura prescelta al momento della fruizione dei servizi in esso contenuti.<br \/>La prestazione del servizio avverr\u00e0 solo dopo la presentazione del buono ed in base alle disponibilit\u00e0. \u00c8 necessario pertanto attenersi alle norme sulle prenotazioni ove previste.<br \/>Salvo esplicita diversa validit\u00e0 impressa o scritta sui voucher, gli stessi hanno validit\u00e0 di un anno a partire dalla data di emissione, decorso il quale decade definitivamente il diritto di utilizzare i servizi. Nessun rimborso \u00e8 dovuto per i servizi non utilizzati. In caso di pi\u00f9 servizi inclusi nel medesimo buono questi dovranno essere utilizzati nello stesso giorno.<\/p>\n<p>In caso di perdita, furto, danneggiamento, non utilizzo o scadenza del voucher il consumatore non avr\u00e0 diritto ad alcun rimborso.<\/p>\n<h3>6.Istruzioni tipo sul recesso<\/h3>\n<div class=\"static-row\">\n<p>&#8211; ai sensi dell&#8217;art. 49, comma 4, &#8211;<\/p>\n<p><strong>Diritto di recesso<\/strong><br \/>Lei ha il diritto di recedere dal contratto, senza indicarne le ragioni, entro 14 giorni. Il periodo di recesso scade dopo 14 giorni<br \/>(i) dal giorno della conclusione del contratto, nel caso di acquisto di un servizio; o<br \/>(ii) dal giorno in cui Lei o un terzo, diverso dal vettore e da Lei designato, acquisisce il possesso fisico dei beni, nel caso di acquisto di un bene;<\/p>\n<p>Per esercitare il diritto di recesso, Lei \u00e8 tenuto a informarci della sua decisione di recedere dal presente contratto tramite una dichiarazione esplicita (ad esempio lettera inviata per posta, fax o posta elettronica).<br \/>La sua dichiarazione di recesso potr\u00e0 essere inviata<br \/>(i) al seguente indirizzo se inviata per posta:<br \/>Hotel La di Moret Srl<br \/>Via Tricesimo, 276<br \/>33100 Udine (UD)<br \/>(ii) al seguente indirizzo di posta elettronica:<br \/>blumoret@ladimoret.it<\/p>\n<p>A tal fine pu\u00f2 utilizzare il modulo tipo di recesso allegato, ma non \u00e8 obbligatorio.<\/p>\n<p>Per rispettare il termine di recesso, \u00e8 sufficiente che Lei invii la comunicazione relativa all&#8217;esercizio del diritto di recesso prima della scadenza del periodo di recesso.<\/p>\n<p><strong>Effetti del recesso<\/strong><br \/>Se Lei recede dal presente contratto, Le saranno rimborsati tutti i pagamenti che ha effettuato a nostro favore, compresi i costi di consegna (ad eccezione dei costi supplementari derivanti dalla Sua eventuale scelta di un tipo di consegna diverso dal tipo meno costoso di consegna standard da noi offerto), senza indebito ritardo e in ogni caso non oltre 14 giorni dal giorno in cui siamo informati della Sua decisione di recedere dal presente contratto. Detti rimborsi saranno effettuati utilizzando lo stesso mezzo di pagamento da Lei usato per la transazione iniziale, salvo che Lei non abbia espressamente convenuto altrimenti; in ogni caso, non dovr\u00e0 sostenere alcun costo quale conseguenza di tale rimborso.<\/p>\n<p>I costi di restituzione dei beni saranno a nostro carico. La restituzione dei beni sar\u00e0 effettuata mediante corriere da noi incaricato<\/p>\n<p>Lei \u00e8 responsabile solo della diminuzione del valore dei beni risultante da una manipolazione del bene diversa da quella necessaria per stabilire la natura, le caratteristiche e il funzionamento dei beni.<\/p>\n<p>Si ricorda che, ai sensi dell\u2019art. 59, comma 1, lett. e), D. Lgs. 205\/2006 (recante il Codice del Consumo), il diritto di recesso \u00e8 escluso relativamente alla fornitura di beni sigillati che non si prestano ad essere restituiti per motivi igienici o connessi alla protezione della salute e sono stati aperti dopo la consegna. Restano salve in ogni caso le garanzie legali di conformit\u00e0.<\/p>\n<p><strong>Modulo di recesso tipo<\/strong><br \/>&#8211; ai sensi dell&#8217;art.49, comma 1, lett. h) \u2013<\/p>\n<p>Compilare e inoltrare il presente modulo solo se si desidera recedere dal contratto, indirizzandolo:<br \/>(i) nel caso di spedizione a mezzo del servizio postale a<br \/>Hotel La di Moret Srl<br \/>Via Tricesimo, 276<br \/>33100 Udine (UD)<br \/>(ii) nel caso di inoltro mediante posta elettronica a<br \/>blumoret@ladimoret.it<\/p>\n<p>&#8211; Con la presente io\/noi (*) notifichiamo il recesso dal mio\/nostro (*) contratto di vendita dei seguenti beni\/servizi (*)<br \/>&#8211; Ordinato il (*)\/ricevuto il (*)<br \/>&#8211; Nome del\/dei consumatore(i)<br \/>&#8211; Indirizzo del\/dei consumatore(i)<br \/>&#8211; Firma del\/dei consumatore(i) (solo se il presente modulo \u00e8 notificato in versione cartacea)<br \/>&#8211; Data<br \/>(*) Cancellare la dicitura inutile.<\/p>\n<\/div>\n<h3><strong>7. Informazioni e reclami, Garanzia di Conformit\u00e0, Privacy e Guida all\u2019Acquisto<\/strong><\/h3>\n<p>Per qualunque chiarimento od eventuale reclamo Blu Moret Wellness SPA potr\u00e0 essere contattata agli indirizzi e recapiti specificati all\u2019Art. 1.1 delle presenti Condizioni Generali.<br \/>I beni venduti tramite il sito Web di Blu Moret Wellness SPA sono coperti da garanzia di conformit\u00e0 in ossequio alle disposizioni di cui agli Artt. 128 e ss. del Codice del Consumo (D.Lgs. 206\/2005).<br \/>L\u2019Informativa sul trattamento dei dati personali del consumatore che acquista beni o servizi tramite il sito Web di Blu Moret Wellness SPA \u00e8 disponibile al seguente link: <a href=\"http:\/\/spa-blumoret.it\/en\/privacy-policy\/\">Informativa Privacy<\/a>.<\/p>\n<h3><strong>8. Modalit\u00e0 di consegna<\/strong><\/h3>\n<p>8.1 Blu Moret Wellness Spa provveder\u00e0 a recapitare ai clienti, presso l&#8217;indirizzo indicato dal cliente, i prodotti selezionati ed ordinati, con le modalit\u00e0 previste dal precedente articolo, mediante corriere espresso SDA.<\/p>\n<p>8.2 Verificate le disponibilit\u00e0 di magazzino, Blu Moret Wellness Spa provveder\u00e0 all\u2019immediata evasione dell\u2019ordine, all&#8217;indirizzo indicato sul modulo.<br \/>I normali tempi di consegna per il territorio italiano, a spedizione avvenuta, prevedono l&#8217;invio della merce entro 24\/48 ore (non vanno considerati il fine settimana e i giorni festivi). In caso di spedizione nelle isole o in una zona periferica, i tempi di consegna potranno protrarsi fino alle 72\/96 ore. Blu Moret Wellness Spa invier\u00e0 una email al momento della spedizione. Da quel momento il Cliente \u00e8 invitato a rendersi reperibile all&#8217;indirizzo di consegna nelle successive 24\/48 ore. Per l&#8217;estero, i tempi di consegna variano a seconda della zona di destinazione.<\/p>\n<p>8.3 Il cliente \u00e8 tenuto a verificare, all&#8217;atto del ricevimento, la conformit\u00e0 del prodotto a lui consegnato con l&#8217;ordine effettuato; solo dopo tale verifica, e salvo ovviamente il diritto di recesso previsto al punto n.6 il cliente dovr\u00e0 sottoscrivere i documenti di consegna.<\/p>\n<p>8.4 Al momento della consegna della merce, il cliente deve verificare l&#8217;integrit\u00e0 dei colli e la corrispondenza quantitativa e qualitativa con quanto indicato nel documento accompagnatorio. In caso di difformit\u00e0, la stessa dovr\u00e0 essere segnalata sul medesimo documento accompagnatorio e confermata, entro sette giorni via fax o raccomandata a.r., a Blu Moret Wellness Spa. Pur in presenza di imballo integro, la merce dovr\u00e0 essere verificata entro sette giorni dal ricevimento. Eventuali anomalie occulte, dovranno essere segnalate per iscritto a mezzo fax o raccomandata a.r.. Ogni segnalazione oltre i suddetti termini, non sar\u00e0 presa in considerazione. Per ogni dichiarazione, il cliente si assume la responsabilit\u00e0 piena di quanto dichiarato.<\/p>\n<p>8.5 La consegna a domicilio, salvo diverso accordo scritto fra le parti, avverr\u00e0 a piano terra e negli orari di ufficio: dalle ore 8.00 alle ore 13.00 e dalle 14.00 alle ore 18.00, di tutti i giorni, non festivi, dal luned\u00ec al venerd\u00ec.<\/p>\n<p>8.6 Il cliente \u00e8 tenuto a rendersi reperibile negli orari descritti al punto 8.5, onde evitare gli eventuali addebiti aggiuntivi per mancate consegne da parte del corriere espresso, addebiti che in caso contrario verteranno sul cliente stesso.<\/p>\n<p>8.7 Blu Moret Wellness Spa non \u00e8 responsabile dei danni causati dal vettore ai prodotti acquistati.<\/p>\n<h3><strong>9. Responsabilit\u00e0<\/strong><\/h3>\n<p>9.1 Blu Moret Wellnes Spa non assume alcuna responsabilit\u00e0 per i disservizi imputabili a causa di forza maggiore quali incidenti, esplosioni, incendi, scioperi e\/o serrate, terremoti, alluvioni ed altri similari eventi che impedissero, in tutto o in parte, di dare esecuzione nei tempi concordati al contratto.<\/p>\n<p>9.2 Blu Moret Wellnes Spa non sar\u00e0 responsabile nei confronti di alcuna parte o di terzi in merito a danni, perdite e costi subiti a seguito della mancata esecuzione del contratto per le cause sopra citate, avendo il consumatore diritto soltanto alla restituzione del prezzo corrisposto.<\/p>\n<p>9.3 Blu Moret Wellnes Spa non \u00e8 responsabile dell&#8217;eventuale uso fraudolento ed illecito che possa essere fatto da parte di terzi, di carte di credito ed altri mezzi di pagamento, all&#8217;atto del pagamento dei prodotti acquistati.<br \/>Blu Moret Wellnes Spa in nessun momento della procedura d&#8217;acquisto \u00e8 in grado di conoscere il numero di carta di credito dell&#8217;acquirente che, tramite una connessione protetta, \u00e8 trasmesso direttamente al gestore del servizio bancario.<\/p>\n<h3><strong>10. Legge Applicabile<\/strong><\/h3>\n<p>Il presente contratto sar\u00e0 regolato dalla legge italiana.<\/p>\n<!-- \/wp:paragraph -->\t\t\t\t\t\t<\/div>\n\t\t\t\t<\/div>\n\t\t\t\t\t<\/div>\n\t\t<\/div>\n\t\t\t\t\t<\/div>\n\t\t<\/section>\n\t\t\t\t<\/div>","protected":false},"excerpt":{"rendered":"<p>Termini e Condizioni 1. Informazioni Contrattuali 1.1 Informazioni Relative al Professionista: Le presenti Condizioni Generali disciplinano l&#8217;acquisto di beni e\/o servizi da parte di consumatori effettuato a distanza, tramite rete telematica, sul sito http:\/\/spa-blumoret.it, di Hotel La di Moret Srl \u2013 Via Tricesimo, 276 \u2013 33100 Udine (UD), \u00a0P.I. 01199460302 (di seguito \u201cBlu Moret Wellness&#8230;<\/p>","protected":false},"author":1,"featured_media":31254,"parent":0,"menu_order":0,"comment_status":"closed","ping_status":"closed","template":"","meta":{"footnotes":""},"class_list":["post-3086","page","type-page","status-publish","has-post-thumbnail","hentry"],"_links":{"self":[{"href":"https:\/\/spa-blumoret.it\/en\/wp-json\/wp\/v2\/pages\/3086","targetHints":{"allow":["GET"]}}],"collection":[{"href":"https:\/\/spa-blumoret.it\/en\/wp-json\/wp\/v2\/pages"}],"about":[{"href":"https:\/\/spa-blumoret.it\/en\/wp-json\/wp\/v2\/types\/page"}],"author":[{"embeddable":true,"href":"https:\/\/spa-blumoret.it\/en\/wp-json\/wp\/v2\/users\/1"}],"replies":[{"embeddable":true,"href":"https:\/\/spa-blumoret.it\/en\/wp-json\/wp\/v2\/comments?post=3086"}],"version-history":[{"count":12,"href":"https:\/\/spa-blumoret.it\/en\/wp-json\/wp\/v2\/pages\/3086\/revisions"}],"predecessor-version":[{"id":29518,"href":"https:\/\/spa-blumoret.it\/en\/wp-json\/wp\/v2\/pages\/3086\/revisions\/29518"}],"wp:featuredmedia":[{"embeddable":true,"href":"https:\/\/spa-blumoret.it\/en\/wp-json\/"}],"wp:attachment":[{"href":"https:\/\/spa-blumoret.it\/en\/wp-json\/wp\/v2\/media?parent=3086"}],"curies":[{"name":"wp","href":"https:\/\/api.w.org\/{rel}","templated":true}]}}