{"id":3,"date":"2021-06-01T14:09:14","date_gmt":"2021-06-01T14:09:14","guid":{"rendered":"https:\/\/jolie.vamtam.com\/?page_id=3"},"modified":"2024-05-23T10:54:36","modified_gmt":"2024-05-23T10:54:36","slug":"privacy-policy","status":"publish","type":"page","link":"https:\/\/spa-blumoret.it\/en\/privacy-policy\/","title":{"rendered":"Privacy Policy"},"content":{"rendered":"<div data-elementor-type=\"wp-page\" data-elementor-id=\"3\" class=\"elementor elementor-3\" data-elementor-post-type=\"page\">\n\t\t\t\t\t\t<section class=\"elementor-section elementor-top-section elementor-element elementor-element-5574c94 elementor-section-boxed elementor-section-height-default elementor-section-height-default\" data-id=\"5574c94\" data-element_type=\"section\">\n\t\t\t\t\t\t<div class=\"elementor-container elementor-column-gap-no\">\n\t\t\t\t\t<div class=\"elementor-column elementor-col-100 elementor-top-column elementor-element elementor-element-e77c07c\" data-id=\"e77c07c\" data-element_type=\"column\" data-settings=\"{&quot;motion_fx_motion_fx_scrolling&quot;:&quot;yes&quot;,&quot;motion_fx_translateY_effect&quot;:&quot;yes&quot;,&quot;motion_fx_translateY_speed&quot;:{&quot;unit&quot;:&quot;px&quot;,&quot;size&quot;:2,&quot;sizes&quot;:[]},&quot;motion_fx_devices&quot;:[&quot;desktop&quot;],&quot;motion_fx_translateY_affectedRange&quot;:{&quot;unit&quot;:&quot;%&quot;,&quot;size&quot;:&quot;&quot;,&quot;sizes&quot;:{&quot;start&quot;:0,&quot;end&quot;:100}}}\">\n\t\t\t<div class=\"elementor-widget-wrap elementor-element-populated\">\n\t\t\t\t\t\t<div class=\"elementor-element elementor-element-c1918ce elementor-invisible elementor-widget elementor-widget-text-editor\" data-id=\"c1918ce\" data-element_type=\"widget\" data-settings=\"{&quot;_animation&quot;:&quot;fadeInDown&quot;,&quot;_animation_tablet&quot;:&quot;none&quot;,&quot;_animation_delay&quot;:300}\" data-widget_type=\"text-editor.default\">\n\t\t\t\t<div class=\"elementor-widget-container\">\n\t\t\t<style>\/*! elementor - v3.21.0 - 22-05-2024 *\/\n.elementor-widget-text-editor.elementor-drop-cap-view-stacked .elementor-drop-cap{background-color:#69727d;color:#fff}.elementor-widget-text-editor.elementor-drop-cap-view-framed .elementor-drop-cap{color:#69727d;border:3px solid;background-color:transparent}.elementor-widget-text-editor:not(.elementor-drop-cap-view-default) .elementor-drop-cap{margin-top:8px}.elementor-widget-text-editor:not(.elementor-drop-cap-view-default) .elementor-drop-cap-letter{width:1em;height:1em}.elementor-widget-text-editor .elementor-drop-cap{float:left;text-align:center;line-height:1;font-size:50px}.elementor-widget-text-editor .elementor-drop-cap-letter{display:inline-block}<\/style>\t\t\t\t<h1>Privacy<\/h1>\t\t\t\t\t\t<\/div>\n\t\t\t\t<\/div>\n\t\t\t\t<div class=\"vamtam-has-theme-widget-styles elementor-element elementor-element-b6fdd52 elementor-invisible elementor-widget elementor-widget-heading\" data-id=\"b6fdd52\" data-element_type=\"widget\" data-settings=\"{&quot;_animation&quot;:&quot;fadeInUp&quot;,&quot;_animation_tablet&quot;:&quot;none&quot;,&quot;_animation_delay&quot;:400}\" data-widget_type=\"heading.default\">\n\t\t\t\t<div class=\"elementor-widget-container\">\n\t\t\t<style>\/*! elementor - v3.21.0 - 22-05-2024 *\/\n.elementor-heading-title{padding:0;margin:0;line-height:1}.elementor-widget-heading .elementor-heading-title[class*=elementor-size-]>a{color:inherit;font-size:inherit;line-height:inherit}.elementor-widget-heading .elementor-heading-title.elementor-size-small{font-size:15px}.elementor-widget-heading .elementor-heading-title.elementor-size-medium{font-size:19px}.elementor-widget-heading .elementor-heading-title.elementor-size-large{font-size:29px}.elementor-widget-heading .elementor-heading-title.elementor-size-xl{font-size:39px}.elementor-widget-heading .elementor-heading-title.elementor-size-xxl{font-size:59px}<\/style><h1 class=\"elementor-heading-title elementor-size-default\">Policy<\/h1>\t\t<\/div>\n\t\t\t\t<\/div>\n\t\t\t\t\t<\/div>\n\t\t<\/div>\n\t\t\t\t\t<\/div>\n\t\t<\/section>\n\t\t\t\t<section class=\"elementor-section elementor-top-section elementor-element elementor-element-27590fcf elementor-section-boxed elementor-section-height-default elementor-section-height-default\" data-id=\"27590fcf\" data-element_type=\"section\">\n\t\t\t\t\t\t<div class=\"elementor-container elementor-column-gap-no\">\n\t\t\t\t\t<div class=\"elementor-column elementor-col-100 elementor-top-column elementor-element elementor-element-9287207\" data-id=\"9287207\" data-element_type=\"column\">\n\t\t\t<div class=\"elementor-widget-wrap elementor-element-populated\">\n\t\t\t\t\t\t<div class=\"elementor-element elementor-element-768a6ca6 elementor-widget elementor-widget-text-editor\" data-id=\"768a6ca6\" data-element_type=\"widget\" data-widget_type=\"text-editor.default\">\n\t\t\t\t<div class=\"elementor-widget-container\">\n\t\t\t\t\t\t\t<h4><strong>INFORMATIVA E CONSENSO IN MATERIA DI PROTEZIONE DEI DATI PERSONALI AI SENSI DELL\u2019 ART. 13 DEL REGOLAMENTO UE N. 2016\/679<\/strong><\/h4><p>Nel rispetto della normativa vigente in materia di protezione dei dati personali la societ\u00e0 L\u00e0 di Moret SRL La informa di acquisire dati personali che La riguardano.<\/p><p>A tal fine fornisce le seguenti precisazioni ai sensi dell\u2019art. 13 del Regolamento UE N. 2016\/679:<\/p><p>1.In caso di raccolta presso l\u2019Interessato di dati che lo riguardano, il Titolare del trattamento fornisce all\u2019Interessato, nel momento in cui i dati personali sono ottenuti, le seguenti informazioni:<\/p><h5><strong>A) IDENTIT\u00c0 E DATI DI CONTATTO DEL TITOLARE<\/strong><\/h5><p>Il Titolare del trattamento dei dati \u00e8 la Societ\u00e0 L\u00e0 di Moret SRL, anche con riguardo al trattamento effettuato dal Centro benessere denominato \u201cBlu Moret\u201d con sede in<br \/>Via Viale Tricesimo, 276 Udine<br \/>Tel: 0432 545096, fax 0432 545096<br \/>e.mail:\u00a0<a>privacyblumoret@ladimoret.it<\/a><\/p><p>ove il trattamento dei dati viene effettuato.<\/p><h5>B)\u00a0<strong>I DATI DI CONTATTO DEL RESPONSABILE DELLA PROTEZIONE DEI DATI<\/strong><\/h5><p>Il Titolare del trattamento non rientra nei casi di cui agli Artt. da 37 a 39 GDPR che prevedono la nomina obbligatoria del Responsabile della Protezione dei dati.<\/p><h5><strong>C) FINALIT\u00c0 DEL TRATTAMENTO E LA BASE GIURIDICA DEL TRATTAMENTO<\/strong><\/h5><p>Il trattamento viene effettuato per le finalit\u00e0 riguardanti l\u2019esercizio dell\u2019attivit\u00e0 del Centro Benessere e delle ulteriori ed eventuali attivit\u00e0 derivanti dal rapporto in essere. In particolare, i trattamenti effettuati sono relativi alle seguenti finalit\u00e0:<br \/>1) adempimento degli obblighi di fornitura dei servizi inerenti al Centro Wellness ed al Centro Estetico;<br \/>2) riscontro alla Sua richiesta di informazioni relativa ai prodotti \/ servizi offerti dal Centro;<br \/>3) effettuazione delle prenotazioni;<br \/>4) adempimento degli obblighi contrattuali, amministrativi, fiscali e contabili;<br \/>5) gestione di ogni altra esigenza di tipo operativo e gestionale relativa all\u2019attivit\u00e0 del Centro Benessere;<br \/>6) comunicazione \u2013 mediante l\u2019utilizzo di strumenti elettronici \u2013 di offerte speciali e promozionali sui servizi offerti, anche per il tramite di social network; quest\u2019ultima finalit\u00e0 \u00e8 subordinata ai Suo espresso consenso mediante apposizione di crocetta nello spazio qui sotto riportato. In particolare, con riguardo al marketing effettuato mediante i social, si evidenzia che il Titolare utilizza i cosiddetti pixel di facebook i quali generano un controllo dei dati di utilizzo dall\u2019utente, durante la visita nel sito, che viene trasmessa a facebook; coloro che dispongono di un profilo facebook e vi accedono potranno ricevere proposte pubblicitarie mirate e personalizzate dei prodotti\/servizi di Blu Moret. Per ogni ulterioriore informazione inerente alla raccolta e trattamento dei dati da parte di facebook consultare le linee guida sulla protezione dei dati di facebook al seguente indirizzo\u00a0<a href=\"https:\/\/www.facebook.com\/privacy\/explanation\" target=\"_blank\" rel=\"noopener\">Privacy<\/a>;<\/p><p>Il trattamento viene effettuato mediante strumenti idonei a garantire la sicurezza e la riservatezza dei dati ed in particolare con strumenti manuali, automatizzati, informatici ed elettronici atti a gestire, memorizzare e trasmettere i dati nel rispetto della normativa vigente.<\/p><p>La base giuridica su cui si fonda la liceit\u00e0 del trattamento dei dati \u00e8 il consenso al trattamento dei dati ex art. 6 par. 1 lett. a) e l\u2019esecuzione di un contratto di cui l\u2019interessato \u00e8 parte ex Art. 6 par. 1. lett. b); il detto trattamento viene effettuato per mezzo di supporti cartacei ed informatici. Il trattamento dei dati c.d. particolari ex Art. 9 -trattati al solo fine dell\u2019assolvimento dei servizi offerti dal centro Benessere- \u00e8 altres\u00ec basato sul consenso dell\u2019Interessato di cui all\u2019Art. 9 par. 2 lett. a). Tale ultimo trattamento viene effettuato solo su supporto cartaceo.<\/p><h5>D)\u00a0<strong>INDICAZIONE DEI LEGITTIMI INTERESSI PERSEGUITI DAL TITOLARE O DA TERZI SE IL TRATTAMENTO SI BASI SULL\u2019ART. 6 PAR. 1 LETT. F):<\/strong><\/h5><p>Il trattamento posto in essere dalla Societ\u00e0 L\u00e0 di Moret Srl non si basa sull\u2019applicazione dell\u2019Art. 6 par. 1 lett. f);<\/p><h5>E)\u00a0<strong>DESTINATARI O CATEGORIE DI DESTINATARI DEI DATI PERSONALI:<\/strong><\/h5><p>I dati potranno essere comunicati a:<\/p><p>\u2013 Soggetti autorizzati che svolgono operazioni o attivit\u00e0 connesse, strumentali, funzionali e\/o di supporto a quella della societ\u00e0 o che forniscano specifici servizi di carattere amministrativo e tecnologico in presenza di vincoli contrattuali;<\/p><p>\u2013 Soggetti legittimati per l\u2019adempimento di obblighi di pubblicit\u00e0 recati da disposizioni normative alla medesima applicabili, ovvero quanto ci\u00f2 \u00e8 necessario per esigenze di rendicontazione dell\u2019attivit\u00e0 istituzionale svolta o di rappresentanza della stessa Fondazione;<\/p><p>I dati comuni e particolari possono essere comunicati ai soggetti Incaricati al trattamento dei dati; i dati solo comuni possono essere comunicati a soggetti esterni, quali: istituti di credito per la gestione degli incassi e dei pagamenti, altri soggetti che svolgono funzioni connesse all\u2019esecuzione del rapporto, ecc. I dati non sono soggetti a diffusione.<\/p><h5>F)\u00a0<strong>TRASFERIMENTO DEI DATI TRATTATI ALL\u2019ESTERO E GARANZIE ADOTTATE:<\/strong><\/h5><p>I dati trattati per le finalit\u00e0 sopra indicate non sono oggetto di trasferimento all\u2019estero.<\/p><p>2.In aggiunta alle informazioni di cui al par. 1, nel momento in cui i dati personali sono ottenuti, il Titolare del trattamento fornisce all\u2019Interessato le seguenti ulteriori informazioni necessarie a garantire un trattamento corretto e trasparente:<\/p><p><strong>a)<\/strong>\u00a0<strong>Periodo di conservazione:<\/strong><\/p><p>I dati comuni sono conservati per il tempo necessario a porre in essere le finalit\u00e0 sopra indicate e per le ulteriori necessit\u00e0 di carattere amministrativo-fiscale-contabile e per far valere i propri diritti dinanzi all\u2019Autorit\u00e0 giudiziaria. Il trattamento dei dati relativi ai servizi goduti dall\u2019Interessato \u2013anche con riguardo ai c.d. particolari ex Art. 9- viene effettuato al solo fine dell\u2019assolvimento dei servizi medesimi da parte del centro Benessere ed il tempo di conservazione \u00e8 quello strettamente necessario all\u2019assolvimento delle attivit\u00e0 del Centro a beneficio dell\u2019Interessato. I dati trattati nell\u2019ambito delle attivit\u00e0 di marketing (con espresso consenso dell\u2019Interessato mediante apposizione di crocetta nello spazio qui sotto riportato) relativi ad offerte speciali e promozionali sui servizi offerti sono conservati per la durata di anni 2, trascorsi i quali saranno cancellati automaticamente.<\/p><p><strong>b) Diritti dell\u2019interessato:<\/strong><\/p><p>L\u2019Interessato pu\u00f2 esercitare il diritto di accesso (art. 15) per ottenere la conferma che sia o meno in corso un trattamento di dati; il diritto di rettifica e di integrazione (art. 16) per richiedere la correzione dei dati che lo riguardano; il diritto di cancellazione\/oblio (art. 17) per chiedere ed ottenere la cancellazione dei dati personali; il diritto di limitazione (art. 18) in caso di contestazione dell\u2019esattezza dei dati; il diritto di ottenere dal Titolare la notifica, a ciascuno dei destinatari dei dati, della rettifica o della cancellazione dei dati (art. 19); il diritto alla portabilit\u00e0 dei dati (art. 20); il diritto di opposizione (art. 21) prevede la facolt\u00e0 dell\u2019Interessato di opporsi in qualsiasi momento al trattamento dei dati che lo riguardano quando viene meno la base giuridica che rendeva lecito il trattamento; il diritto di non essere sottoposto a processi decisionali automatizzati (profilazione) (art. 22) che possano determinare effetti giuridici in grado di incidere in modo significativo sulla persona, fatti salvi i casi in cui tale decisione sia necessaria per la conclusione o esecuzione di un contratto; o sia autorizzata dall\u2019UE o si basi sul consenso esplicito dell\u2019Interessato.<\/p><p><strong>c) Diritto di revoca del consenso al trattamento dei dati:<\/strong><\/p><p>L\u2019Interessato ha diritto di revocare il proprio consenso in qualsiasi momento mediante comunicazione formale a mezzo e-mail presso il seguente indirizzo\u00a0<a>privacyblumoret@ladimoret.it<\/a>\u00a0 RACC. AR Hotel La di Moret Srl, Viale Tricesimo 276 33100 Udine. La revoca del consenso determiner\u00e0 l\u2019impossibilit\u00e0 per il Titolare del trattamento di porre in essere i servizi del Centro benessere. Il trattamento de quo \u00e8 basato sul consenso al trattamento dei dati personali ex art. 6 par. 1 lett. a) e l\u2019esecuzione di un contratto di cui l\u2019interessato \u00e8 parte ex Art. 6 par. 1. lett. b); il trattamento dei dati c.d. particolari ex Art. 9 \u00e8 basato sul consenso dell\u2019Interessato di cui all\u2019Art. 9 par. 2 lett. a). La base giuridica del trattamento \u00e8 quella indicata nel sopra indicato punto c).<\/p><p><strong>d) Diritto di proporre reclamo<\/strong><\/p><p>L\u2019Interessato ha diritto di proporre reclamo all\u2019Autorit\u00e0 di controllo (ex Art. 77 del Regolamento) avverso il trattamento dei dati che lo riguarda nel caso in cui i medesimi non siano trattati conformemente al Regolamento UE.<\/p><p><strong>e) Natura del conferimento e conseguenze del rifiuto del conferimento:<\/strong><\/p><p>Il conferimento dei dati non ha natura obbligatoria, ma necessaria al raggiungimento delle finalit\u00e0 di cui sopra; il mancato conferimento di dati -da parte dell\u2019interessato- comporta l\u2019impossibilit\u00e0 da parte della societ\u00e0 L\u00e0 di Moret Srl di porre in essere le attivit\u00e0 sopra menzionate.<\/p><p><strong>f) Trattamenti ex Art. 22 par.1 e 4 (processo decisionale automatizzato), logica utilizzata e conseguenze previste per l\u2019interessato:<\/strong><\/p><p>Il Titolare nel porre in essere le finalit\u00e0 di trattamento ivi esposte non effettua processi decisionali automatizzati ex Art. 22 par. 1 e 4.<\/p><h5><strong>INFORMAZIONI ULTERIORI PER L\u2019INTERESSATO:<\/strong><\/h5><p>\u2013<u>sul tipo di dati trattati<\/u>: dati identificativi quali nominativo, indirizzo, telefono, codice fiscale, et\u00e0, sesso, luogo, data di nascita, documenti di identit\u00e0, dati personali c.d. Particolari di cui all\u2019Art. 9, con specifico riguardo a quelli riferiti alle condizioni di salute dell\u2019interessato; un tanto al fine di poter eseguire idonei trattamenti all\u2019Interessato medesimo.<\/p>\t\t\t\t\t\t<\/div>\n\t\t\t\t<\/div>\n\t\t\t\t\t<\/div>\n\t\t<\/div>\n\t\t\t\t\t<\/div>\n\t\t<\/section>\n\t\t\t\t<\/div>","protected":false},"excerpt":{"rendered":"<p>Privacy Policy INFORMATIVA E CONSENSO IN MATERIA DI PROTEZIONE DEI DATI PERSONALI AI SENSI DELL\u2019 ART. 13 DEL REGOLAMENTO UE N. 2016\/679 Nel rispetto della normativa vigente in materia di protezione dei dati personali la societ\u00e0 L\u00e0 di Moret SRL La informa di acquisire dati personali che La riguardano. A tal fine fornisce le seguenti&#8230;<\/p>","protected":false},"author":1,"featured_media":31254,"parent":0,"menu_order":0,"comment_status":"closed","ping_status":"open","template":"","meta":{"footnotes":""},"class_list":["post-3","page","type-page","status-publish","has-post-thumbnail","hentry"],"_links":{"self":[{"href":"https:\/\/spa-blumoret.it\/en\/wp-json\/wp\/v2\/pages\/3","targetHints":{"allow":["GET"]}}],"collection":[{"href":"https:\/\/spa-blumoret.it\/en\/wp-json\/wp\/v2\/pages"}],"about":[{"href":"https:\/\/spa-blumoret.it\/en\/wp-json\/wp\/v2\/types\/page"}],"author":[{"embeddable":true,"href":"https:\/\/spa-blumoret.it\/en\/wp-json\/wp\/v2\/users\/1"}],"replies":[{"embeddable":true,"href":"https:\/\/spa-blumoret.it\/en\/wp-json\/wp\/v2\/comments?post=3"}],"version-history":[{"count":21,"href":"https:\/\/spa-blumoret.it\/en\/wp-json\/wp\/v2\/pages\/3\/revisions"}],"predecessor-version":[{"id":31193,"href":"https:\/\/spa-blumoret.it\/en\/wp-json\/wp\/v2\/pages\/3\/revisions\/31193"}],"wp:featuredmedia":[{"embeddable":true,"href":"https:\/\/spa-blumoret.it\/en\/wp-json\/"}],"wp:attachment":[{"href":"https:\/\/spa-blumoret.it\/en\/wp-json\/wp\/v2\/media?parent=3"}],"curies":[{"name":"wp","href":"https:\/\/api.w.org\/{rel}","templated":true}]}}